{"id":21,"date":"2017-01-14T01:06:43","date_gmt":"2017-01-14T00:06:43","guid":{"rendered":"http:\/\/drsarkistaifour.fr\/?page_id=21"},"modified":"2018-05-12T10:14:55","modified_gmt":"2018-05-12T08:14:55","slug":"information-patients","status":"publish","type":"page","link":"https:\/\/drsarkistaifour.fr\/index.php\/information-patients\/","title":{"rendered":"Information Patients"},"content":{"rendered":"<p><span style=\"color: #333399;\">Madame, Monsieur,<\/span><\/p>\n<p><span style=\"color: #333399;\">Votre m\u00e9decin vous a propos\u00e9 un examen radiologique. Il sera pratiqu\u00e9 avec votre consentement. Vous avez en effet la libert\u00e9 de l\u2019accepter ou de le refuser.<\/span><\/p>\n<p><span style=\"color: #333399;\">Une information vous est fournie sur le d\u00e9roulement de l\u2019examen et de ses suites.<\/span><\/p>\n<p><span style=\"color: #333399;\">Le m\u00e9decin radiologue est qualifi\u00e9 pour juger de l\u2019utilit\u00e9 de cet examen pour r\u00e9pondre au probl\u00e8me diagnostique que se pose votre m\u00e9decin. Toutefois, il se peut que cet examen ne donne pas toutes les r\u00e9ponses.<\/span><\/p>\n<p><span style=\"color: #333399;\">Il est tr\u00e8s important que vous r\u00e9pondiez bien aux questions qui vous seront \u00e9ventuellement pos\u00e9es sur votre \u00e9tat de sant\u00e9 ainsi que sur les m\u00e9dicaments que vous prenez (liste \u00e9crite des m\u00e9dicaments). Certains traitements doivent en effet \u00eatres modifi\u00e9s ou interrompus pour certains examens d\u2019imagerie.<\/span><\/p>\n<p><span style=\"color: #333399;\">N\u2019oubliez pas de vous munir de vos anciens examens pour une comparaison et surtout de respecter les recommandations qui vous sont faites.<\/span><\/p>\n<pre>\u00a9 Ces fiches sont la propri\u00e9t\u00e9 de la SFR (Soci\u00e9t\u00e9 Fran\u00e7aise de Radiologie). Tout droit de traduction, d\u2019adaptation et de reproduction par tous proc\u00e9d\u00e9s r\u00e9serv\u00e9s pour tous pays (Code de la propri\u00e9t\u00e9 intellectuelle). Aucune diffusion par sponsoring n\u2019est permise sans l\u2019autorisation expresse de la SFR.<\/pre>\n","protected":false},"excerpt":{"rendered":"<p>Madame, Monsieur, Votre m\u00e9decin vous a propos\u00e9 un examen radiologique. Il sera pratiqu\u00e9 avec votre consentement. Vous avez en effet la libert\u00e9 de l\u2019accepter ou de le refuser. Une information vous est fournie sur le d\u00e9roulement de l\u2019examen et de ses suites. Le m\u00e9decin radiologue est qualifi\u00e9 pour juger de l\u2019utilit\u00e9 de cet examen pour &hellip; <\/p>\n<p class=\"link-more\"><a href=\"https:\/\/drsarkistaifour.fr\/index.php\/information-patients\/\" class=\"more-link\">Continue reading<span class=\"screen-reader-text\"> &#8220;Information Patients&#8221;<\/span><\/a><\/p>\n","protected":false},"author":1,"featured_media":265,"parent":0,"menu_order":0,"comment_status":"closed","ping_status":"closed","template":"","meta":[],"_links":{"self":[{"href":"https:\/\/drsarkistaifour.fr\/index.php\/wp-json\/wp\/v2\/pages\/21"}],"collection":[{"href":"https:\/\/drsarkistaifour.fr\/index.php\/wp-json\/wp\/v2\/pages"}],"about":[{"href":"https:\/\/drsarkistaifour.fr\/index.php\/wp-json\/wp\/v2\/types\/page"}],"author":[{"embeddable":true,"href":"https:\/\/drsarkistaifour.fr\/index.php\/wp-json\/wp\/v2\/users\/1"}],"replies":[{"embeddable":true,"href":"https:\/\/drsarkistaifour.fr\/index.php\/wp-json\/wp\/v2\/comments?post=21"}],"version-history":[{"count":4,"href":"https:\/\/drsarkistaifour.fr\/index.php\/wp-json\/wp\/v2\/pages\/21\/revisions"}],"predecessor-version":[{"id":181,"href":"https:\/\/drsarkistaifour.fr\/index.php\/wp-json\/wp\/v2\/pages\/21\/revisions\/181"}],"wp:featuredmedia":[{"embeddable":true,"href":"https:\/\/drsarkistaifour.fr\/index.php\/wp-json\/wp\/v2\/media\/265"}],"wp:attachment":[{"href":"https:\/\/drsarkistaifour.fr\/index.php\/wp-json\/wp\/v2\/media?parent=21"}],"curies":[{"name":"wp","href":"https:\/\/api.w.org\/{rel}","templated":true}]}}