{"id":64,"date":"2017-01-14T12:28:53","date_gmt":"2017-01-14T11:28:53","guid":{"rendered":"http:\/\/drsarkistaifour.fr\/?page_id=64"},"modified":"2017-11-11T15:03:44","modified_gmt":"2017-11-11T14:03:44","slug":"radiologie-interventionnelle","status":"publish","type":"page","link":"https:\/\/drsarkistaifour.fr\/index.php\/radiologie-interventionnelle\/","title":{"rendered":"Radiologie Interventionnelle"},"content":{"rendered":"<h3><span style=\"color: #808080;\"><a href=\"http:\/\/drsarkistaifour.fr\/index.php\/radiologie-interventionnelle\/\">La <dfn>radiologie interventionnelle<\/dfn><\/a> d\u00e9signe l&#8217;ensemble des actes m\u00e9dicaux r\u00e9alis\u00e9s par des radiologues et sous contr\u00f4le radiologique, permettant le traitement ou le diagnostic invasif de nombreuses pathologies. Le principe de la radiologie interventionnelle est donc d\u2019acc\u00e9der \u00e0 une l\u00e9sion situ\u00e9e \u00e0 l\u2019int\u00e9rieur de l\u2019organisme pour effectuer un acte diagnostique (pr\u00e9l\u00e8vement par exemple) ou th\u00e9rapeutique.<\/span><\/h3>\n","protected":false},"excerpt":{"rendered":"<p>La radiologie interventionnelle d\u00e9signe l&#8217;ensemble des actes m\u00e9dicaux r\u00e9alis\u00e9s par des radiologues et sous contr\u00f4le radiologique, permettant le traitement ou le diagnostic invasif de nombreuses pathologies. Le principe de la radiologie interventionnelle est donc d\u2019acc\u00e9der \u00e0 une l\u00e9sion situ\u00e9e \u00e0 l\u2019int\u00e9rieur de l\u2019organisme pour effectuer un acte diagnostique (pr\u00e9l\u00e8vement par exemple) ou th\u00e9rapeutique.<\/p>\n","protected":false},"author":1,"featured_media":39,"parent":0,"menu_order":0,"comment_status":"closed","ping_status":"closed","template":"","meta":[],"_links":{"self":[{"href":"https:\/\/drsarkistaifour.fr\/index.php\/wp-json\/wp\/v2\/pages\/64"}],"collection":[{"href":"https:\/\/drsarkistaifour.fr\/index.php\/wp-json\/wp\/v2\/pages"}],"about":[{"href":"https:\/\/drsarkistaifour.fr\/index.php\/wp-json\/wp\/v2\/types\/page"}],"author":[{"embeddable":true,"href":"https:\/\/drsarkistaifour.fr\/index.php\/wp-json\/wp\/v2\/users\/1"}],"replies":[{"embeddable":true,"href":"https:\/\/drsarkistaifour.fr\/index.php\/wp-json\/wp\/v2\/comments?post=64"}],"version-history":[{"count":6,"href":"https:\/\/drsarkistaifour.fr\/index.php\/wp-json\/wp\/v2\/pages\/64\/revisions"}],"predecessor-version":[{"id":197,"href":"https:\/\/drsarkistaifour.fr\/index.php\/wp-json\/wp\/v2\/pages\/64\/revisions\/197"}],"wp:featuredmedia":[{"embeddable":true,"href":"https:\/\/drsarkistaifour.fr\/index.php\/wp-json\/wp\/v2\/media\/39"}],"wp:attachment":[{"href":"https:\/\/drsarkistaifour.fr\/index.php\/wp-json\/wp\/v2\/media?parent=64"}],"curies":[{"name":"wp","href":"https:\/\/api.w.org\/{rel}","templated":true}]}}