{"id":8,"date":"2017-01-14T01:06:43","date_gmt":"2017-01-14T00:06:43","guid":{"rendered":"http:\/\/drsarkistaifour.fr\/?page_id=8"},"modified":"2019-06-16T17:40:50","modified_gmt":"2019-06-16T15:40:50","slug":"a-propos-de","status":"publish","type":"page","link":"https:\/\/drsarkistaifour.fr\/index.php\/a-propos-de\/","title":{"rendered":"\u00c0 propos de moi"},"content":{"rendered":"<h2><\/h2>\n<h2><img decoding=\"async\" loading=\"lazy\" class=\"alignnone  wp-image-291\" src=\"http:\/\/drsarkistaifour.fr\/wp-content\/uploads\/2019\/06\/ST-300x291.jpg\" alt=\"\" width=\"647\" height=\"627\" srcset=\"https:\/\/drsarkistaifour.fr\/wp-content\/uploads\/2019\/06\/ST-300x291.jpg 300w, https:\/\/drsarkistaifour.fr\/wp-content\/uploads\/2019\/06\/ST-768x746.jpg 768w, https:\/\/drsarkistaifour.fr\/wp-content\/uploads\/2019\/06\/ST-1024x994.jpg 1024w, https:\/\/drsarkistaifour.fr\/wp-content\/uploads\/2019\/06\/ST.jpg 1681w\" sizes=\"(max-width: 647px) 100vw, 647px\" \/><\/h2>\n<h2><strong>Dr Sarkis TAIFOUR, EBIR, EDiR<\/strong><\/h2>\n<ul>\n<li><strong>EBIR<\/strong> Dipl\u00f4me europ\u00e9en de Radiologie Interventionnelle<\/li>\n<li><strong>EDiR <\/strong>Dipl\u00f4me europ\u00e9en en radiologie (european diploma in radiology)<\/li>\n<li><strong>DIU<\/strong> Imagerie en Oncologie (Universit\u00e9 Paris\u00a011, 2015)<\/li>\n<li><strong>DU<\/strong> Imagerie thoracique (Universit\u00e9 Paris 6, 2011)<\/li>\n<li><strong>DU<\/strong> Imagerie ante et p\u00e9rinatale (Universit\u00e9 Paris 5, 2010)<\/li>\n<li><strong>DIU<\/strong> Imagerie Cardio-Vasculaire (Universit\u00e9 Paris 12, 2007-2009)<\/li>\n<li><strong>DU<\/strong> IRM Corps Entier (Cochin, Universit\u00e9 Paris 5, 2007)<\/li>\n<li><strong>DU<\/strong> Imagerie d\u2019urgence (Universit\u00e9 Bichat Paris 7, 2006)<\/li>\n<li><strong>DIU<\/strong> d\u2019Imagerie Mammaire (Universit\u00e9 Necker Paris 5, 2005)<\/li>\n<li><strong>DIU<\/strong> de Radiologie Interventionnelle (Universit\u00e9 Paris 5, 2005)<br \/>\n<hr \/>\n<\/li>\n<\/ul>\n<h2><strong><span style=\"color: #000000;\">Travaux et Recherches<\/span> \u00a0<\/strong><\/h2>\n<p><strong>1. Role of Pelvic Arterial Embolization after Using Intrauterine Ballon Tamponade as a Second\u2010line Procedure in Postpartum Hemorrhage.<\/strong><\/p>\n<p>S. Taifour, O. Limot, P. Labauge, A. Fohlen, J.P Pelage, P. Rozenberg. (GEST 2014, San Francisco, USA).<\/p>\n<p><strong>2. Ballon d\u2019h\u00e9mostase et h\u00e9morragie de la d\u00e9livrance.<\/strong><\/p>\n<p>O. Limot, S. Taifour, P. Labauge, A. Fohlen, J.P Pelage, P. Rozenberg. (High Tech, Annecy 2012)<\/p>\n<p><strong>3. Value of Fetal Low-Dose MDCT in the Diagnosis of Skeletal Dysplasia in Multidisciplinary Work-up in France.<\/strong><\/p>\n<p>S Taifour,\u00a0 M D Molho,J Roume, (RSNA 2010 chicago, USA)<\/p>\n<p><strong>4. Dignosis of fetal skeletal anomalies: role of 3D ultrasound compared with 3D CT.<\/strong><\/p>\n<p>J, Bault , A. Paternostre , S. Taifour, M. Molho , P. Bouhanna. (20th World Congress on Ultrasound in Obstetrics and Gynecology 2010, Prague Czech Republic)<\/p>\n<p><strong>5. When will multidetector CT (MDCT) of the fetus improve prenatal management: a\u00a0retrospective survey; 7 years experience, 150 cases.<\/strong><\/p>\n<p>S. Taifour, A. Paternostre, Ph. Bouhanna, B. Leroy, J PH.\u00a0 Bault, L. Loeuillet, J. Roume, M.\u00a0Molho (ESPR 2010 Congress, Bordeaux)<\/p>\n<p><strong>6. La prise en charge des anomalies d\u2019insertion placentaire : le point en 2010.<\/strong><\/p>\n<p>S. Bis, P. Magalatchoumy, P. Bouhanna, A. Fauconnier, S. Taifour, M. Molho, P. Labauge, O. Limot, JP. Pelage (JFR 2010)<\/p>\n<p><strong>7. Imagerie compl\u00e9mentaire pr\u00e9natale\u00a0; Scanner F\u0153tal.<\/strong><\/p>\n<p>S. Taifour, M. Molho \u00a0(IX\u00e8me Journ\u00e9e des CPDPN Pays de la Loire 2009)<\/p>\n<p><strong>8. Fetal low dose three-dimensional multislice computed tomography: When? How? And\u00a0results with a five years exp\u00e9rience.<\/strong><\/p>\n<p>S. Taifour , E.R. Quarello , J. Roume , M.D. Molho (18th World Congress on Ultrasound in\u00a0Obstetrics and Gynecology\u00a0 Chicago 2008)<\/p>\n<p><strong>9. New techniques of liver orthotopic transplantation: radiological aspects.<\/strong><\/p>\n<p>S. Taifour, F. Bahlouli, C. Belattar, D. Castaing, D. Azoulay, R. Adam, S. Bendavid, MF.\u00a0Bellin (RSNA 2005 Chicago)<\/p>\n<p><strong>10. Nouvelles techniques de transplantation h\u00e9patique : aspects radiologiques.<\/strong><\/p>\n<p>S. Taifour, F. Bahlouli, C. Belattar, D. Castaing, D. Azoulay, R. Adam, S. Bendavid, YG.\u00a0Baseel, MF. Bellin (JFR 2005 Paris)<\/p>\n<p><strong>11. Int\u00e9r\u00eat de l\u2019IRM et de la cholangiographie-IRM dans le diagnostic et le bilan d\u2019extension du cholangiocarcinome.<\/strong><\/p>\n<p>S. Taifour, I. Martineau, F. Bahlouli, D. Castaing, M-P. Bralet, R. Adam, D. Azoulay, I.Ewenczyk, C. Guettier, M.F. Bellin (JFR 2005 paris)<\/p>\n<p><strong>12. New techniques of liver transplantation: Imaging findings.<\/strong><\/p>\n<p>S. Taifour, F. Bahlouli, D. Castaing, D. Azoulay, R. Adam, MF. Bellin (ECR 2006 Vienna)<\/p>\n<p><!--more--><\/p>\n<hr \/>\n<h1><strong><span style=\"color: #800000;\">Activit\u00e9s Interventionelles<\/span><\/strong><\/h1>\n<p><strong>Interventionnelle en oncologie\u00a0<\/strong>:<\/p>\n<ol>\n<li>Ponction &#8211; biopsie diagnostique.<\/li>\n<li>Picc line.<\/li>\n<li>Pose de chambre implantable.<\/li>\n<li>Angioplastie + stent cave sup\u00e9rieur.<\/li>\n<li>Ablation tumorale par radio-fr\u00e9quence.<\/li>\n<\/ol>\n<ul>\n<li><strong>Interventionnelle en gastro-ent\u00e9rologie<\/strong>:<\/li>\n<\/ul>\n<ol>\n<li>Biopsie h\u00e9patique trans-jugulaire.<\/li>\n<li>Gastro-stomie.<\/li>\n<li>Embolisation portale.<\/li>\n<li>Chimio-embolisation art\u00e9rielle h\u00e9patique.<\/li>\n<li>Drainage biliaire et pose d\u2019endroproth\u00e8se.<\/li>\n<\/ol>\n<ul>\n<li><strong>Interventionnelle en ost\u00e9o-articulaire :<\/strong><\/li>\n<\/ul>\n<ol>\n<li>Infiltrations articulaire et \u00e9pidurale.<\/li>\n<li>Aspirations de calcifications.<\/li>\n<li>biopsie osseuse.<\/li>\n<\/ol>\n<ul>\n<li><strong>Interventionnelle en soins palliatifs et douleurs :<\/strong><\/li>\n<\/ul>\n<p>Cimentoplastie.<\/p>\n<ul>\n<li><strong>Interventionnelle en urologie :<\/strong><\/li>\n<\/ul>\n<ol>\n<li>n\u00e9phrostomie, sonde JJ.<\/li>\n<li>dilatation de st\u00e9nose ur\u00e9t\u00e9rale (Bricker).<\/li>\n<li>Embolisation d&#8217;angiomyolipome.<\/li>\n<li>Scl\u00e9rose kyste r\u00e9nal.<\/li>\n<li>Embolisation varicoc\u00e8le gonadique (varicocel et varice pelvienne).<\/li>\n<li>Embolisation prostatique.<\/li>\n<\/ol>\n<ul>\n<li><strong>Interventionnelle en gyn\u00e9co-obst\u00e9trique :<\/strong><\/li>\n<\/ul>\n<ol>\n<li>Embolisation du post-partum.<\/li>\n<li>Embolisation de fibromes.<\/li>\n<\/ol>\n<ul>\n<li><strong>Interventionnelle urgences :<\/strong><\/li>\n<\/ul>\n<ol>\n<li>Embolisations h\u00e9mostatiques (trauma, foie, rate, bassin)<\/li>\n<li>Drainage p\u00e9rcutan\u00e9 de collection profonde.<br \/>\n<hr \/>\n<\/li>\n<\/ol>\n<h2><span style=\"color: #993366;\"><strong>Soci\u00e9t\u00e9s savantes<\/strong><\/span><\/h2>\n<p>Membre de\u00a0:<\/p>\n<p><a href=\"http:\/\/www.sfrnet.org\/\">Soci\u00e9t\u00e9 Fran\u00e7aise de Radiologie, SFR<\/a><\/p>\n<p><a href=\"http:\/\/sims-asso.org\/index.php\">Soci\u00e9t\u00e9 Fran\u00e7aise d&#8217;Imagerie Musculo-Squelettique, SIMS<\/a><\/p>\n<p><a href=\"http:\/\/www.sficv.com\/\">Soci\u00e9t\u00e9 Fran\u00e7aise d&#8217;Imagerie Cardiaque et Vasculaire, SFICV<\/a><\/p>\n<p><a href=\"http:\/\/www.rsna.org\/\">Soci\u00e9t\u00e9 Nord Am\u00e9ricaine de Radiologie, RSNA<\/a><\/p>\n<p><a href=\"http:\/\/www.myesr.org\/\">Soci\u00e9t\u00e9 Europ\u00e9enne de Radiologie, ESR<\/a><\/p>\n<p><a href=\"http:\/\/www.cirse.org\/\">Soci\u00e9t\u00e9 Europ\u00e9enne de Radiologie Interventionnelle, CIRSE<\/a><\/p>\n<p><img decoding=\"async\" loading=\"lazy\" class=\"aligncenter wp-image-147 size-large\" src=\"http:\/\/drsarkistaifour.fr\/wp-content\/uploads\/2017\/01\/societes-1024x982.jpg\" alt=\"\" width=\"525\" height=\"503\" srcset=\"https:\/\/drsarkistaifour.fr\/wp-content\/uploads\/2017\/01\/societes-1024x982.jpg 1024w, https:\/\/drsarkistaifour.fr\/wp-content\/uploads\/2017\/01\/societes-300x288.jpg 300w, https:\/\/drsarkistaifour.fr\/wp-content\/uploads\/2017\/01\/societes-768x737.jpg 768w\" sizes=\"(max-width: 525px) 100vw, 525px\" \/><\/p>\n","protected":false},"excerpt":{"rendered":"<p>Dr Sarkis TAIFOUR, EBIR, EDiR EBIR Dipl\u00f4me europ\u00e9en de Radiologie Interventionnelle EDiR Dipl\u00f4me europ\u00e9en en radiologie (european diploma in radiology) DIU Imagerie en Oncologie (Universit\u00e9 Paris\u00a011, 2015) DU Imagerie thoracique (Universit\u00e9 Paris 6, 2011) DU Imagerie ante et p\u00e9rinatale (Universit\u00e9 Paris 5, 2010) DIU Imagerie Cardio-Vasculaire (Universit\u00e9 Paris 12, 2007-2009) DU IRM Corps Entier (Cochin, &hellip; <\/p>\n<p class=\"link-more\"><a href=\"https:\/\/drsarkistaifour.fr\/index.php\/a-propos-de\/\" class=\"more-link\">Continue reading<span class=\"screen-reader-text\"> &#8220;\u00c0 propos de moi&#8221;<\/span><\/a><\/p>\n","protected":false},"author":1,"featured_media":69,"parent":0,"menu_order":0,"comment_status":"closed","ping_status":"closed","template":"","meta":[],"_links":{"self":[{"href":"https:\/\/drsarkistaifour.fr\/index.php\/wp-json\/wp\/v2\/pages\/8"}],"collection":[{"href":"https:\/\/drsarkistaifour.fr\/index.php\/wp-json\/wp\/v2\/pages"}],"about":[{"href":"https:\/\/drsarkistaifour.fr\/index.php\/wp-json\/wp\/v2\/types\/page"}],"author":[{"embeddable":true,"href":"https:\/\/drsarkistaifour.fr\/index.php\/wp-json\/wp\/v2\/users\/1"}],"replies":[{"embeddable":true,"href":"https:\/\/drsarkistaifour.fr\/index.php\/wp-json\/wp\/v2\/comments?post=8"}],"version-history":[{"count":15,"href":"https:\/\/drsarkistaifour.fr\/index.php\/wp-json\/wp\/v2\/pages\/8\/revisions"}],"predecessor-version":[{"id":292,"href":"https:\/\/drsarkistaifour.fr\/index.php\/wp-json\/wp\/v2\/pages\/8\/revisions\/292"}],"wp:featuredmedia":[{"embeddable":true,"href":"https:\/\/drsarkistaifour.fr\/index.php\/wp-json\/wp\/v2\/media\/69"}],"wp:attachment":[{"href":"https:\/\/drsarkistaifour.fr\/index.php\/wp-json\/wp\/v2\/media?parent=8"}],"curies":[{"name":"wp","href":"https:\/\/api.w.org\/{rel}","templated":true}]}}