{"id":84,"date":"2017-01-15T03:36:53","date_gmt":"2017-01-15T02:36:53","guid":{"rendered":"http:\/\/drsarkistaifour.fr\/?page_id=84"},"modified":"2017-01-15T21:18:11","modified_gmt":"2017-01-15T20:18:11","slug":"scanner","status":"publish","type":"page","link":"https:\/\/drsarkistaifour.fr\/index.php\/imagerie-diagnostic\/scanner\/","title":{"rendered":"Scanner"},"content":{"rendered":"<p>Cet appareil permet de faire des images en coupe du corps humain. Les renseignements apport\u00e9s par cet examen sont tr\u00e8s souvent d\u00e9terminants pour porter un diagnostic pr\u00e9cis.<\/p>\n","protected":false},"excerpt":{"rendered":"<p>Cet appareil permet de faire des images en coupe du corps humain. Les renseignements apport\u00e9s par cet examen sont tr\u00e8s souvent d\u00e9terminants pour porter un diagnostic pr\u00e9cis.<\/p>\n","protected":false},"author":1,"featured_media":91,"parent":20,"menu_order":0,"comment_status":"closed","ping_status":"closed","template":"","meta":[],"_links":{"self":[{"href":"https:\/\/drsarkistaifour.fr\/index.php\/wp-json\/wp\/v2\/pages\/84"}],"collection":[{"href":"https:\/\/drsarkistaifour.fr\/index.php\/wp-json\/wp\/v2\/pages"}],"about":[{"href":"https:\/\/drsarkistaifour.fr\/index.php\/wp-json\/wp\/v2\/types\/page"}],"author":[{"embeddable":true,"href":"https:\/\/drsarkistaifour.fr\/index.php\/wp-json\/wp\/v2\/users\/1"}],"replies":[{"embeddable":true,"href":"https:\/\/drsarkistaifour.fr\/index.php\/wp-json\/wp\/v2\/comments?post=84"}],"version-history":[{"count":2,"href":"https:\/\/drsarkistaifour.fr\/index.php\/wp-json\/wp\/v2\/pages\/84\/revisions"}],"predecessor-version":[{"id":86,"href":"https:\/\/drsarkistaifour.fr\/index.php\/wp-json\/wp\/v2\/pages\/84\/revisions\/86"}],"up":[{"embeddable":true,"href":"https:\/\/drsarkistaifour.fr\/index.php\/wp-json\/wp\/v2\/pages\/20"}],"wp:featuredmedia":[{"embeddable":true,"href":"https:\/\/drsarkistaifour.fr\/index.php\/wp-json\/wp\/v2\/media\/91"}],"wp:attachment":[{"href":"https:\/\/drsarkistaifour.fr\/index.php\/wp-json\/wp\/v2\/media?parent=84"}],"curies":[{"name":"wp","href":"https:\/\/api.w.org\/{rel}","templated":true}]}}