{"id":90,"date":"2017-01-15T21:17:45","date_gmt":"2017-01-15T20:17:45","guid":{"rendered":"http:\/\/drsarkistaifour.fr\/?page_id=90"},"modified":"2017-01-15T21:17:54","modified_gmt":"2017-01-15T20:17:54","slug":"echographie","status":"publish","type":"page","link":"https:\/\/drsarkistaifour.fr\/index.php\/echographie\/","title":{"rendered":"Echographie"},"content":{"rendered":"<p>L&#8217;\u00e9chographie consiste en l&#8217;utilisation des ultrasons pour \u00e9tudier les organes internes sans risque d&#8217;irradiation contrairement \u00e0 la radiologie.<\/p>\n","protected":false},"excerpt":{"rendered":"<p>L&#8217;\u00e9chographie consiste en l&#8217;utilisation des ultrasons pour \u00e9tudier les organes internes sans risque d&#8217;irradiation contrairement \u00e0 la radiologie.<\/p>\n","protected":false},"author":1,"featured_media":94,"parent":0,"menu_order":0,"comment_status":"closed","ping_status":"closed","template":"","meta":[],"_links":{"self":[{"href":"https:\/\/drsarkistaifour.fr\/index.php\/wp-json\/wp\/v2\/pages\/90"}],"collection":[{"href":"https:\/\/drsarkistaifour.fr\/index.php\/wp-json\/wp\/v2\/pages"}],"about":[{"href":"https:\/\/drsarkistaifour.fr\/index.php\/wp-json\/wp\/v2\/types\/page"}],"author":[{"embeddable":true,"href":"https:\/\/drsarkistaifour.fr\/index.php\/wp-json\/wp\/v2\/users\/1"}],"replies":[{"embeddable":true,"href":"https:\/\/drsarkistaifour.fr\/index.php\/wp-json\/wp\/v2\/comments?post=90"}],"version-history":[{"count":1,"href":"https:\/\/drsarkistaifour.fr\/index.php\/wp-json\/wp\/v2\/pages\/90\/revisions"}],"predecessor-version":[{"id":95,"href":"https:\/\/drsarkistaifour.fr\/index.php\/wp-json\/wp\/v2\/pages\/90\/revisions\/95"}],"wp:featuredmedia":[{"embeddable":true,"href":"https:\/\/drsarkistaifour.fr\/index.php\/wp-json\/wp\/v2\/media\/94"}],"wp:attachment":[{"href":"https:\/\/drsarkistaifour.fr\/index.php\/wp-json\/wp\/v2\/media?parent=90"}],"curies":[{"name":"wp","href":"https:\/\/api.w.org\/{rel}","templated":true}]}}